{"id":279,"date":"2023-06-21T19:15:48","date_gmt":"2023-06-21T19:15:48","guid":{"rendered":"https:\/\/sfichips.com.br\/2023\/?page_id=279"},"modified":"2023-12-13T20:10:12","modified_gmt":"2023-12-13T20:10:12","slug":"politica-de-privacidade","status":"publish","type":"page","link":"https:\/\/sfichips.com.br\/2023\/politica-de-privacidade\/","title":{"rendered":"Politica de privacidade"},"content":{"rendered":"\t\t<div data-elementor-type=\"wp-page\" data-elementor-id=\"279\" class=\"elementor elementor-279\" data-elementor-post-type=\"page\">\n\t\t\t\t\t\t<section data-particle_enable=\"false\" data-particle-mobile-disabled=\"false\" class=\"elementor-section elementor-top-section elementor-element elementor-element-acf30aa elementor-section-boxed elementor-section-height-default elementor-section-height-default\" data-id=\"acf30aa\" data-element_type=\"section\" data-e-type=\"section\" data-settings=\"{&quot;ekit_has_onepagescroll_dot&quot;:&quot;yes&quot;}\">\n\t\t\t\t\t\t<div class=\"elementor-container elementor-column-gap-default\">\n\t\t\t\t\t<div class=\"elementor-column elementor-col-100 elementor-top-column elementor-element elementor-element-fada624\" data-id=\"fada624\" data-element_type=\"column\" data-e-type=\"column\">\n\t\t\t<div class=\"elementor-widget-wrap elementor-element-populated\">\n\t\t\t\t\t\t<div class=\"elementor-element elementor-element-d712419 elementor-widget elementor-widget-heading\" data-id=\"d712419\" data-element_type=\"widget\" data-e-type=\"widget\" data-settings=\"{&quot;ekit_we_effect_on&quot;:&quot;none&quot;}\" data-widget_type=\"heading.default\">\n\t\t\t\t\t<h2 class=\"elementor-heading-title elementor-size-default\">Politica de privacidade<\/h2>\t\t\t\t<\/div>\n\t\t\t\t<div class=\"elementor-element elementor-element-7ef7433 elementor-widget elementor-widget-text-editor\" data-id=\"7ef7433\" data-element_type=\"widget\" data-e-type=\"widget\" data-settings=\"{&quot;ekit_we_effect_on&quot;:&quot;none&quot;}\" data-widget_type=\"text-editor.default\">\n\t\t\t\t\t\t\t\t\t<p>Pol\u00edtica de Privacidade<br \/>Na SFI CHIPS, queremos que voc\u00ea saiba como coletamos e usamos os dados que voc\u00ea nos fornece ao longo dessa jornada.<br \/>Por isso, recomendamos que Voc\u00ea (\u201cUsu\u00e1rio\u201d) leia a nossa Pol\u00edtica de Privacidade. Ser\u00e1 uma leitura simples e lhe ajudar\u00e1 a entender o tratamento dos seus dados pessoais pela SFI CHIPS.<\/p><p>A SFI CHIPS \u00e9 o site www.sfichips.com.br e o aplicativo m\u00f3vel SFI CHIPS (aos quais nos referimos coletivamente nesta Pol\u00edtica de Privacidade como \u201cServi\u00e7os\u201d).<br \/>A \u00faltima atualiza\u00e7\u00e3o desta Pol\u00edtica de Privacidade foi em 28\/11\/2023.<\/p><p>ALGUNS CONCEITOS IMPORTANTES SOBRE A NOSSA POL\u00cdTICA DE PRIVACIDADE:<br \/>Dado Pessoal: informa\u00e7\u00e3o relacionada a pessoa natural, identificada ou identific\u00e1vel, ou seja, qualquer informa\u00e7\u00e3o que possa ser associada ou que venha a identificar um ser humano espec\u00edfico. Essas informa\u00e7\u00f5es podem incluir dados como nome, sobrenome, endere\u00e7o de e-mail e dados de cart\u00f5es de cr\u00e9dito.<br \/>Dados de Geolocaliza\u00e7\u00e3o: os dados de geolocaliza\u00e7\u00e3o poder\u00e3o ser\u00e3o coletados a partir do momento em que voc\u00ea habilitar essa funcionalidade no seu aplicativo m\u00f3vel. A localiza\u00e7\u00e3o ser\u00e1 coletada quando voc\u00ea conectar os produtos ao seu ve\u00edculo. Estes dados ser\u00e3o usados para fins de ajudar voc\u00ea com suporte e resolu\u00e7\u00e3o de problemas ou em servi\u00e7o de rastreamento ve\u00edcular.<br \/>SFI CHIPS LTDA, uma empresa registrada e organizada sob as leis do Brasil, com sede e foro jur\u00eddico na cidade de S\u00e3o Paulo, com endere\u00e7o na Rua: Guaraciaba, 561 \u2013 Ch\u00e1cara Calif\u00f3rnia S\u00e3o Paulo \u2013 SP \u2013 CEP 03404-000, com registro CNPJ n\u00ba 09.720.167\/0001-00, titular da Plataforma hospedada no dom\u00ednio www.sfichips.com.br e do aplicativo m\u00f3vel.<br \/>Usu\u00e1rio: pessoa f\u00edsica (\u201cUsu\u00e1rio\u201d ou \u201cvoc\u00ea\u201d) que se cadastrar no aplicativo m\u00f3vel SFI CHIPS.<\/p><p>QUAIS AS NOSSAS RESPONSABILIDADES NA COLETA DE DADOS?<br \/>N\u00f3s, da SFI CHIPS, atuamos na figura de Controlador dos dados pessoais fornecidos por voc\u00ea. Isso quer dizer que determinamos quais dados pessoais coletamos de voc\u00ea, como coletamos, quando coletamos e porqu\u00ea coletamos, obviamente dentro dos limites legais e desta Pol\u00edtica de Privacidade.<\/p><p>COMO N\u00d3S COLETAMOS E USAMOS OS SEUS DADOS PESSOAIS?<br \/>Coletamos informa\u00e7\u00f5es quando voc\u00ea se cadastra na SFI CHIPS. Mais especificamente:<br \/>Quando voc\u00ea usa os nossos Servi\u00e7os, para conectar aos produtos: coletamos dados pessoais quando voc\u00ea opcionalmente se registra em uma conta da SFI CHIPS, adquire uma assinatura premium (incluindo processamento de pagamento), ou utiliza o aplicativo em sua vers\u00e3o gratuita.<br \/>Quando voc\u00ea insere dados de ve\u00edculo, para obter resultados espec\u00edficos de acordo com os seus interesses: coletamos informa\u00e7\u00f5es de \u201cVe\u00edculos\u201d, que incluem dados fornecidos por voc\u00ea, relacionados \u00e0s suas prefer\u00eancias.<br \/>Quando voc\u00ea ativa o sistema de rastreamento, a localiza\u00e7\u00e3o em tempo real do ve\u00edculo: coletamos informa\u00e7\u00f5es de geolocaliza\u00e7\u00e3o, que demonstram, de maneira aproximada, o local de onde est\u00e1 o carro no momento em que est\u00e1 conectado ao celular. Essas informa\u00e7\u00f5es s\u00e3o utilizadas para que possamos exibir para voc\u00ea um hist\u00f3rico, informa\u00e7\u00f5es de condu\u00e7\u00e3o e uso do carro.<\/p><p>QUAIS DADOS PESSOAIS COLETAMOS?<br \/>As informa\u00e7\u00f5es pessoais que voc\u00ea nos fornece incluem dados que identificam voc\u00ea: o seu e-mail e senha. Tamb\u00e9m, poderemos coletar informa\u00e7\u00f5es pessoais referentes aos seus ve\u00edculos e\/ou prefer\u00eancias e informa\u00e7\u00f5es de geolocaliza\u00e7\u00e3o, no momento em que os produtos est\u00e3o conectados ao ve\u00edculo.<br \/>Voc\u00ea sempre pode optar por n\u00e3o fornecer suas informa\u00e7\u00f5es pessoais \u00e0 SFI CHIPS, mas isso pode significar que n\u00e3o podemos fornecer todas as funcionalidades dos nossos Servi\u00e7os.<br \/>Sobre os dados pessoais financeiros: considerando que, quando o voc\u00ea faz uma compra conosco, esta ser\u00e1 realizada diretamente no operador da loja do nosso aplicativo. Assim, o pagamento \u00e9 feito, diretamente, atrav\u00e9s do seu cadastro na App Store ou Google Play.<br \/>Logo, as informa\u00e7\u00f5es sobre cart\u00e3o de cr\u00e9dito, n\u00e3o passam pelos nossos servidores \u2013 que em nenhum momento, portanto, realizam qualquer tratamento de dados ou t\u00eam acesso direto \u00e0s informa\u00e7\u00f5es do seu cart\u00e3o de cr\u00e9dito.<\/p><p>QUAL \u00c9 A BASE LEGAL PARA TRATAMENTO DOS SEUS DADOS PESSOAIS?<br \/>Seu consentimento: de maneira livre, informada e inequ\u00edvoca, voc\u00ea pode optar por nos fornecer seu consentimento para utiliza\u00e7\u00e3o das informa\u00e7\u00f5es. Nestes casos, \u00e9 importante que voc\u00ea saiba que, a qualquer momento, ap\u00f3s prestar o consentimento, poder\u00e1 revog\u00e1-lo, entrando em contato conosco conforme descrito ao final deste documento.<br \/>Conformidade com as leis aplic\u00e1veis: em circunst\u00e2ncias espec\u00edficas, podemos tratar suas informa\u00e7\u00f5es pessoais para cumprir leis e regulamentos espec\u00edficos. Quando tratamos suas informa\u00e7\u00f5es pessoais para cumprir nossas obriga\u00e7\u00f5es legais, voc\u00ea n\u00e3o ter\u00e1 permiss\u00e3o para se opor a essa atividade de tratamento, mas geralmente ter\u00e1 o direito de acessar ou revisar essas informa\u00e7\u00f5es, a menos que isso impe\u00e7a nossas obriga\u00e7\u00f5es legais.<br \/>Execu\u00e7\u00e3o do contrato: podemos tratar seus dados pessoais para viabilizarmos a rela\u00e7\u00e3o existente entre n\u00f3s e voc\u00ea, seja atrav\u00e9s da utiliza\u00e7\u00e3o da vers\u00e3o gratuita do app ou da vers\u00e3o paga.<br \/>Nosso leg\u00edtimo interesse: Podemos processar suas informa\u00e7\u00f5es pessoais com base em nossos interesses leg\u00edtimos em nos comunicarmos com voc\u00ea e gerenciar nossas intera\u00e7\u00f5es com voc\u00ea a respeito de nossos produtos e servi\u00e7os.<\/p><p>QUAL A FINALIDADE DAS INFORMA\u00c7\u00d5ES COLETADAS:<br \/>Usamos suas informa\u00e7\u00f5es para nos manter em contato com voc\u00ea, para fornecer e aprimorar nossos servi\u00e7os. Isso significa tratar suas informa\u00e7\u00f5es para:<br \/>cumprir as nossas obriga\u00e7\u00f5es decorrentes do contrato celebrado e fornecer-lhe as informa\u00e7\u00f5es sobre produtos que nos solicitar, conforme nossos Servi\u00e7os;<br \/>para fornecer-lhe informa\u00e7\u00f5es sobre outros produtos que oferecemos;<br \/>para notific\u00e1-lo sobre mudan\u00e7as em nossos servi\u00e7os;<br \/>para personalizar sua experi\u00eancia de usu\u00e1rio.<\/p><p>Temos permiss\u00e3o para usar suas informa\u00e7\u00f5es e compartilh\u00e1-las conforme descrito abaixo, principalmente devido a interesses leg\u00edtimos:<br \/>cumprir as obriga\u00e7\u00f5es contratuais no fornecimento de nossos servi\u00e7os;<br \/>para realizar pesquisas de mercado.<\/p><p>Existem algumas situa\u00e7\u00f5es para as quais voc\u00ea pode nos dar o seu consentimento para usarmos seus dados para fins espec\u00edficos:<br \/>para compartilhar informa\u00e7\u00f5es pessoais de prefer\u00eancias alimentares com a SFI CHIPS;<br \/>para enviar mensagens de marketing. Voc\u00ea pode cancelar a qualquer momento.<br \/>N\u00e3o realizamos tomadas de decis\u00e3o ou perfis automatizados.<\/p><p>COMPARTILHAMENTO DE DADOS:<br \/>Prometemos n\u00e3o vender nenhuma das suas informa\u00e7\u00f5es pessoais a terceiros.<br \/>N\u00f3s apenas compartilhamos suas informa\u00e7\u00f5es com nossos colaboradores mediante o uso de ferramentas seguras, para que possam executar os trabalhos e servi\u00e7os previamente contratados e autorizados por voc\u00ea. Eles n\u00e3o est\u00e3o autorizados a utilizar nem divulgar informa\u00e7\u00f5es para uso em outras finalidades. Tamb\u00e9m exigimos que sigam as melhores pr\u00e1ticas de seguran\u00e7a da informa\u00e7\u00e3o, bem como cumpram com as nossas metodologias.<\/p><p>Al\u00e9m disso, haver\u00e1 compartilhamento de dados nas seguintes hip\u00f3teses:<br \/>Com autoridades judiciais, administrativas ou governamentais competentes, sempre que houver determina\u00e7\u00e3o legal, requerimento, requisi\u00e7\u00e3o ou ordem judicial;<br \/>De forma autom\u00e1tica em caso de movimenta\u00e7\u00f5es societ\u00e1rias, como fus\u00e3o, aquisi\u00e7\u00e3o e incorpora\u00e7\u00e3o.<br \/>H\u00c1 TRANSFER\u00caNCIA INTERNACIONAL DE DADOS?<br \/>Sim, podemos transferir as informa\u00e7\u00f5es pessoais que obtemos sobre voc\u00ea para outros pa\u00edses. Esses pa\u00edses podem n\u00e3o ter as mesmas leis de prote\u00e7\u00e3o de dados que o pa\u00eds no qual voc\u00ea inicialmente forneceu as informa\u00e7\u00f5es.<br \/>Na medida exigida pela lei aplic\u00e1vel, quando transferimos suas informa\u00e7\u00f5es pessoais para outros pa\u00edses, tomaremos medidas para proteger essas informa\u00e7\u00f5es conforme descrito nesta Pol\u00edtica de Privacidade.<\/p><p>FAZEMOS USO DE COOKIES OU OUTRAS TECNOLOGIAS DE RASTREAMENTO?<br \/>Sim. Utilizamos cookies desde o primeiro momento em que voc\u00ea interage conosco. Isto ocorre quando voc\u00ea simplesmente est\u00e1 navegando em nosso site ou aplicativo.<br \/>Quando voc\u00ea visita nossos Servi\u00e7os, s\u00e3o ativados \u201ccookies\u201d no seu navegador, que realizam a coleta autom\u00e1tica de determinados dados pessoais para que possamos (i) operacionalizar nosso site (cookies estritamente necess\u00e1rios) e (ii) obter informa\u00e7\u00f5es agregadas sobre nossos usu\u00e1rios (cookies anal\u00edticos).<\/p><p>Atualmente, n\u00e3o usamos cookies para encaminhar publicidade conforme seu interesse (cookies de marketing).<br \/>Utilizamos tais informa\u00e7\u00f5es com a finalidade de: (I) tornar a nossa Plataforma mais \u00fatil a voc\u00ea; (II) conhecer o n\u00famero de visitantes e os tipos de tecnologias utilizadas; (III) criar e publicar conte\u00fados direcionados a voc\u00ea; (IV) garantir que a plataforma seja relevante \u00e0s suas necessidades, enquanto Usu\u00e1rio; (V) analisar tend\u00eancias; (VI) administrar a Plataforma; (VII) melhorar o desempenho da Plataforma; (VIII) reunir informa\u00e7\u00f5es demogr\u00e1ficas para uso agregado; e (IX) melhorar a seguran\u00e7a da informa\u00e7\u00e3o.<\/p><p>Se voc\u00ea quiser desativar os \u201ccookies\u201d voc\u00ea poder\u00e1 alterar as configura\u00e7\u00f5es de seu navegador ou no seu dispositivo Android ou iOS. Se desejar saber como fazer isso, verifique o menu de ajuda no seu navegador ou nas configura\u00e7\u00f5es do seu dispositivo, mas lembre que a desativa\u00e7\u00e3o dos \u201ccookies\u201d poder\u00e1 restringir o uso da nossa Plataforma ou diminuir a qualidade de sua utiliza\u00e7\u00e3o.<br \/>Alguns cookies n\u00e3o poder\u00e3o ser rejeitados, pois viabilizam o uso da plataforma. J\u00e1 os cookies anal\u00edticos poder\u00e3o ser recusados, conforme a sua prefer\u00eancia no painel de controle.<\/p><p>FAZEMOS ANONIMIZA\u00c7\u00d5ES DOS DADOS COLETADOS?<br \/>Sim, n\u00f3s poderemos anonimizar os dados coletados pela SFI CHIPS, atrav\u00e9s de retirada de quaisquer informa\u00e7\u00f5es que possam permitir a revers\u00e3o da anonimidade com m\u00e9todos e ferramentas utilizadas no mercado de tecnologia.<br \/>Os dados anonimizados poder\u00e3o ser utilizados para fins estat\u00edsticos, visando \u00e0 melhoria dos servi\u00e7os, base de convencimento t\u00e9cnico para a venda dos servi\u00e7os e aquisi\u00e7\u00e3o de novos clientes, bem como para controle do nosso hist\u00f3rico.<\/p><p>POR QUANTO TEMPO ARMAZENAMOS SEUS DADOS?<br \/>N\u00f3s s\u00f3 manteremos em nossas bases de dados informa\u00e7\u00f5es sobre voc\u00ea, se houver necessidade, como por exemplo, poder prestar nossos servi\u00e7os. Ou, ainda, se for preciso armazenar para o cumprimento de obriga\u00e7\u00e3o legal.<br \/>Decorrido o nosso prazo de cumprimento de obriga\u00e7\u00e3o legal, ou findo o contrato firmado com voc\u00ea, n\u00f3s exclu\u00edremos todos os seus dados de nossa base.<\/p><p>QUAIS S\u00c3O OS SEUS DIREITOS?<br \/>Voc\u00ea tem o direito de solicitar:<br \/>A confirma\u00e7\u00e3o da exist\u00eancia do tratamento de seus Dados Pessoais, com indica\u00e7\u00e3o, sempre que poss\u00edvel, da forma como os dados s\u00e3o tratados e as finalidades de tratamento. Voc\u00ea tamb\u00e9m pode solicitar o acesso.<br \/>Corre\u00e7\u00e3o dos Dados Pessoais incompletos, inexatos ou desatualizados.<br \/>O bloqueio, anonimiza\u00e7\u00e3o ou elimina\u00e7\u00e3o dos Dados Pessoais desnecess\u00e1rios, excessivos ou tratados em desconformidade com a legisla\u00e7\u00e3o brasileira.<br \/>A revoga\u00e7\u00e3o, a qualquer tempo, do consentimento dado por voc\u00ea para de Dados Pessoais espec\u00edficos, podendo tamb\u00e9m solicitar a exclus\u00e3o destes dados, que ser\u00e1 atendida desde que n\u00e3o haja determina\u00e7\u00e3o legal para mant\u00ea-los ou outra base legal que sustente a n\u00e3o exclus\u00e3o dos dados.<br \/>A portabilidade dos seus Dados Pessoais, salvo dos Dados Pessoais que j\u00e1 tenham sido anonimizados.<br \/>Informa\u00e7\u00f5es sobre as entidades p\u00fablicas ou privadas com as quais h\u00e1 o compartilhamento de dados.<br \/>Informa\u00e7\u00e3o sobre a possibilidade de n\u00e3o fornecer consentimento e quais s\u00e3o as consequ\u00eancias decorrentes de eventual negativa.<br \/>Solicitar a revis\u00e3o das decis\u00f5es tomadas unicamente com base em tratamento automatizado de dados pessoais que afetem seus interesses.<br \/>Se n\u00e3o for poss\u00edvel prestar as informa\u00e7\u00f5es, por conta de segredo industrial ou comercial ou outra exce\u00e7\u00e3o, voc\u00ea ser\u00e1 informado sobre esta situa\u00e7\u00e3o, com uma justificativa clara acerca dos motivos pelos quais sua solicita\u00e7\u00e3o n\u00e3o ser\u00e1 atendida, no prazo de 15 (quinze) dias, contados a partir do momento da sua solicita\u00e7\u00e3o de exerc\u00edcio de direitos.<\/p><p>Importante lembrar que dados que possuam guarda obrigat\u00f3ria em raz\u00e3o de Lei ou regula\u00e7\u00e3o especial n\u00e3o ser\u00e3o exclu\u00eddos por meio de solicita\u00e7\u00f5es. Tamb\u00e9m n\u00e3o poder\u00e3o ter uso revogado os dados que tenham sido anonimizados, uma vez que tais dados n\u00e3o s\u00e3o legalmente considerados pessoais \u2013 na medida em que n\u00e3o \u00e9 poss\u00edvel, com tais dados, identificar e associar direta ou indiretamente uma pessoa f\u00edsica.<br \/>Para realizar qualquer solicita\u00e7\u00e3o, entre em contato conosco pelo e-mail app@sfichips.com.br.<\/p><p>QUAIS MEDIDAS DE PROTE\u00c7\u00c3O E SEGURAN\u00c7A N\u00d3S ADOTAMOS?<br \/>N\u00e3o se preocupe, n\u00f3s utilizamos diversas medidas de seguran\u00e7a para garantir a integridade de suas informa\u00e7\u00f5es. Toda a comunica\u00e7\u00e3o\/tr\u00e1fego dos dados entre o aplicativo, servidores e sistemas de terceiros \u00e9 realizada em protocolo HTTPS (Hyper Text Transfer Protocol Secure).<br \/>O ambiente dos servidores \u00e9 restrito aos colaboradores da SFI CHIPS que possuem o devido treinamento para a seguran\u00e7a dos dados. Utilizamos controles de acesso, restri\u00e7\u00e3o por IP e autentica\u00e7\u00e3o de dois fatores, quando poss\u00edvel. O mesmo ocorre quando utilizamos sistemas de terceiros.<br \/>Tamb\u00e9m utilizamos as melhores pr\u00e1ticas de mercado relativas \u00e0 seguran\u00e7a da informa\u00e7\u00e3o e ferramentas para armazenamento e tratamento seguro de dados, tais como a VPN e Firewall nos servidores contratados.<\/p><p>PODER\u00c1 HAVER ATUALIZA\u00c7\u00c3O DESTA POL\u00cdTICA DE PRIVACIDADE?<br \/>Sim. Nos reservamos o direito de rever e atualizar, a qualquer momento, e sempre que necess\u00e1rio, esta Pol\u00edtica de Privacidade.<br \/>Se voc\u00ea for Usu\u00e1rio cadastrado em nossa Plataforma, fique tranquilo, n\u00f3s avisaremos e enviaremos a voc\u00ea a nova vers\u00e3o de nossa Pol\u00edtica de Privacidade, com 15 (quinze) dias de anteced\u00eancia, atrav\u00e9s do e-mail informado no momento do cadastro.<\/p><p>Caso voc\u00ea venha a n\u00e3o concordar com a nova Pol\u00edtica de Privacidade, por favor, pare imediatamente de utilizar a nossa Plataforma. Neste caso, fique \u00e0 vontade para solicitar a exclus\u00e3o de seus dados cadastrais da Plataforma, e\/ou revogar o seu consentimento, atrav\u00e9s do contato: app@sfichips.com.br. Excluiremos seus dados pessoais, desde que n\u00e3o precisemos deles para cumprir com as devidas obriga\u00e7\u00f5es legais.<\/p><p>A continua\u00e7\u00e3o da utiliza\u00e7\u00e3o de nossa Plataforma constitui concord\u00e2ncia com a nova Pol\u00edtica de Privacidade.<br \/>Se voc\u00ea estiver de acordo com o que leu, ent\u00e3o utilize nossa Plataforma \u00e0 vontade!<\/p>\t\t\t\t\t\t\t\t<\/div>\n\t\t\t\t\t<\/div>\n\t\t<\/div>\n\t\t\t\t\t<\/div>\n\t\t<\/section>\n\t\t\t\t<\/div>\n\t\t","protected":false},"excerpt":{"rendered":"<p>Politica de privacidade Pol\u00edtica de PrivacidadeNa SFI CHIPS, queremos que voc\u00ea saiba como coletamos e usamos os dados que voc\u00ea nos fornece ao longo dessa jornada.Por isso, recomendamos que Voc\u00ea (\u201cUsu\u00e1rio\u201d) leia a nossa Pol\u00edtica de Privacidade. Ser\u00e1 uma leitura simples e lhe ajudar\u00e1 a entender o tratamento dos seus dados pessoais pela SFI CHIPS. [&hellip;]<\/p>\n","protected":false},"author":1,"featured_media":0,"parent":0,"menu_order":0,"comment_status":"closed","ping_status":"closed","template":"elementor_header_footer","meta":{"footnotes":""},"class_list":["post-279","page","type-page","status-publish","hentry"],"_links":{"self":[{"href":"https:\/\/sfichips.com.br\/2023\/wp-json\/wp\/v2\/pages\/279","targetHints":{"allow":["GET"]}}],"collection":[{"href":"https:\/\/sfichips.com.br\/2023\/wp-json\/wp\/v2\/pages"}],"about":[{"href":"https:\/\/sfichips.com.br\/2023\/wp-json\/wp\/v2\/types\/page"}],"author":[{"embeddable":true,"href":"https:\/\/sfichips.com.br\/2023\/wp-json\/wp\/v2\/users\/1"}],"replies":[{"embeddable":true,"href":"https:\/\/sfichips.com.br\/2023\/wp-json\/wp\/v2\/comments?post=279"}],"version-history":[{"count":10,"href":"https:\/\/sfichips.com.br\/2023\/wp-json\/wp\/v2\/pages\/279\/revisions"}],"predecessor-version":[{"id":772,"href":"https:\/\/sfichips.com.br\/2023\/wp-json\/wp\/v2\/pages\/279\/revisions\/772"}],"wp:attachment":[{"href":"https:\/\/sfichips.com.br\/2023\/wp-json\/wp\/v2\/media?parent=279"}],"curies":[{"name":"wp","href":"https:\/\/api.w.org\/{rel}","templated":true}]}}